{"id":224452,"date":"2019-07-07T17:18:36","date_gmt":"2019-07-07T17:18:36","guid":{"rendered":"https:\/\/sagittariustravel.com\/shop\/"},"modified":"2025-05-12T10:20:54","modified_gmt":"2025-05-12T10:20:54","slug":"shop","status":"publish","type":"page","link":"https:\/\/sagittariustravel.com\/de\/shop\/","title":{"rendered":"Online Tour buchen"},"content":{"rendered":"<p>[et_pb_section fb_built=&#8220;1&#8243; _builder_version=&#8220;4.16&#8243; global_colors_info=&#8220;{}&#8220;][et_pb_row _builder_version=&#8220;4.16&#8243; global_colors_info=&#8220;{}&#8220;][et_pb_column type=&#8220;4_4&#8243; _builder_version=&#8220;4.16&#8243; global_colors_info=&#8220;{}&#8220;][et_pb_wc_breadcrumb _builder_version=&#8220;4.27.4&#8243; _module_preset=&#8220;default&#8220; hover_enabled=&#8220;0&#8243; sticky_enabled=&#8220;0&#8243; breadcrumb_separator=&#8220;&gt;&gt;&#8220;][\/et_pb_wc_breadcrumb][et_pb_shop _builder_version=&#8220;4.27.4&#8243; hover_enabled=&#8220;0&#8243; global_colors_info=&#8220;{}&#8220; columns_number=&#8220;3&#8243; sticky_enabled=&#8220;0&#8243;][\/et_pb_shop][et_pb_shop _builder_version=&#8220;4.27.4&#8243; _module_preset=&#8220;default&#8220; sale_price_text_color=&#8220;#A67E2D&#8220; sale_badge_color=&#8220;#A67E2D&#8220; rating_text_color=&#8220;#A67E2D&#8220; columns_number=&#8220;3&#8243; hover_enabled=&#8220;0&#8243; sticky_enabled=&#8220;0&#8243;][\/et_pb_shop][\/et_pb_column][\/et_pb_row][\/et_pb_section][et_pb_section fb_built=&#8220;1&#8243; _builder_version=&#8220;4.16&#8243; background_color=&#8220;#282828&#8243; global_module=&#8220;1229&#8243; saved_tabs=&#8220;all&#8220; global_colors_info=&#8220;{}&#8220;][et_pb_row column_structure=&#8220;1_4,1_4,1_4,1_4&#8243; module_class=&#8220; et_pb_row_fullwidth&#8220; _builder_version=&#8220;4.16&#8243; width=&#8220;89%&#8220; width_tablet=&#8220;80%&#8220; width_phone=&#8220;&#8220; width_last_edited=&#8220;on|desktop&#8220; max_width=&#8220;89%&#8220; max_width_tablet=&#8220;80%&#8220; max_width_phone=&#8220;&#8220; max_width_last_edited=&#8220;on|desktop&#8220; make_fullwidth=&#8220;on&#8220; global_colors_info=&#8220;{}&#8220;][et_pb_column type=&#8220;1_4&#8243; _builder_version=&#8220;4.16&#8243; custom_padding=&#8220;50px||50px|&#8220; global_colors_info=&#8220;{}&#8220; custom_padding__hover=&#8220;|||&#8220;][et_pb_image src=&#8220;https:\/\/sagittariustravel.com\/wp-content\/uploads\/2018\/10\/Logo-00_03.png&#8220; align_tablet=&#8220;center&#8220; align_phone=&#8220;&#8220; align_last_edited=&#8220;on|desktop&#8220; _builder_version=&#8220;4.16&#8243; global_colors_info=&#8220;{}&#8220;][\/et_pb_image][et_pb_image src=&#8220;http:\/\/sagittariustravel.com\/wp-content\/uploads\/2019\/09\/Untitled-2.jpg&#8220; _builder_version=&#8220;4.16&#8243; global_colors_info=&#8220;{}&#8220;][\/et_pb_image][\/et_pb_column][et_pb_column type=&#8220;1_4&#8243; _builder_version=&#8220;4.16&#8243; custom_padding=&#8220;|||&#8220; global_colors_info=&#8220;{}&#8220; custom_padding__hover=&#8220;|||&#8220;][et_pb_text _builder_version=&#8220;4.16&#8243; header_font=&#8220;||||||||&#8220; header_2_font=&#8220;Montserrat|||on|||||&#8220; header_2_text_color=&#8220;#a0a0a0&#8243; header_2_letter_spacing=&#8220;1px&#8220; custom_margin=&#8220;||30px&#8220; border_color_bottom=&#8220;#a67e2d&#8220; border_style_bottom=&#8220;dashed&#8220; global_colors_info=&#8220;{}&#8220;]<\/p>\n<h2>\u00dcber uns<\/h2>\n<p>[\/et_pb_text][et_pb_divider divider_style=&#8220;dashed&#8220; divider_weight=&#8220;1px&#8220; _builder_version=&#8220;4.16&#8243; max_width=&#8220;52%&#8220; height=&#8220;0px&#8220; custom_margin=&#8220;-20px||20px&#8220; custom_padding=&#8220;0px||0px&#8220; global_colors_info=&#8220;{}&#8220;][\/et_pb_divider][et_pb_text _builder_version=&#8220;4.16&#8243; global_colors_info=&#8220;{}&#8220;]<\/p>\n<p><span>Ganz gleich, ob Sie ein Reisender sind, der einen Rat braucht, ein Reiseleiter, der eine Community sucht, oder ein potenzieller neuer Partner, der eine Zusammenarbeit anstrebt &#8211; wir freuen uns darauf, von Ihnen zu h\u00f6ren. W\u00e4hlen Sie einfach aus der untenstehenden Liste die passende Tour f\u00fcr Ihre Bed\u00fcrfnisse aus. <\/span><a href=\"https:\/\/sagittariustravel.com\/about-us-2\/\">Mehr lesen<\/a><\/p>\n<p>[\/et_pb_text][\/et_pb_column][et_pb_column type=&#8220;1_4&#8243; _builder_version=&#8220;4.16&#8243; custom_padding=&#8220;|||&#8220; global_colors_info=&#8220;{}&#8220; custom_padding__hover=&#8220;|||&#8220;][et_pb_text _builder_version=&#8220;4.16&#8243; header_font=&#8220;||||||||&#8220; header_2_font=&#8220;Montserrat|||on|||||&#8220; header_2_text_color=&#8220;#a0a0a0&#8243; header_2_letter_spacing=&#8220;1px&#8220; custom_margin=&#8220;||30px&#8220; border_color_bottom=&#8220;#a67e2d&#8220; border_style_bottom=&#8220;dashed&#8220; global_colors_info=&#8220;{}&#8220;]<\/p>\n<h2>Kontaktieren Sie uns<\/h2>\n<p>[\/et_pb_text][et_pb_divider divider_style=&#8220;dashed&#8220; divider_weight=&#8220;1px&#8220; _builder_version=&#8220;4.16&#8243; max_width=&#8220;52%&#8220; height=&#8220;0px&#8220; custom_margin=&#8220;-20px||20px&#8220; custom_padding=&#8220;0px||0px&#8220; global_colors_info=&#8220;{}&#8220;][\/et_pb_divider][et_pb_text _builder_version=&#8220;4.27.4&#8243; global_colors_info=&#8220;{}&#8220;]<\/p>\n<p>Ahmed Oraby St.,<br \/>Salah El Deen Square, Luxor, \u00c4gypten<\/p>\n<p>Tel: <a href=\"tel:00201025272240\">+20 10 2527 2240<\/a><br \/>Fax<a href=\"tel:0020227756086\">:+20 2 2775 6086<\/a><br \/><a href=\"mailto:info@sagittariustravel.com\">info@sagittariustravel.com<\/a><\/p>\n<p>[\/et_pb_text][\/et_pb_column][et_pb_column type=&#8220;1_4&#8243; _builder_version=&#8220;4.16&#8243; custom_padding=&#8220;|||&#8220; global_colors_info=&#8220;{}&#8220; custom_padding__hover=&#8220;|||&#8220;][et_pb_text _builder_version=&#8220;4.16&#8243; header_font=&#8220;||||||||&#8220; header_2_font=&#8220;Montserrat|||on|||||&#8220; header_2_text_color=&#8220;#a0a0a0&#8243; header_2_letter_spacing=&#8220;1px&#8220; custom_margin=&#8220;||30px&#8220; border_color_bottom=&#8220;#a67e2d&#8220; border_style_bottom=&#8220;dashed&#8220; global_colors_info=&#8220;{}&#8220;]<\/p>\n<h2>Folgen Sie uns<\/h2>\n<p>[\/et_pb_text][et_pb_divider divider_style=&#8220;dashed&#8220; divider_weight=&#8220;1px&#8220; _builder_version=&#8220;4.16&#8243; max_width=&#8220;52%&#8220; height=&#8220;0px&#8220; custom_margin=&#8220;-20px||20px&#8220; custom_padding=&#8220;0px||0px&#8220; global_colors_info=&#8220;{}&#8220;][\/et_pb_divider][et_pb_social_media_follow _builder_version=&#8220;4.27.4&#8243; global_colors_info=&#8220;{}&#8220;][et_pb_social_media_follow_network social_network=&#8220;facebook&#8220; _builder_version=&#8220;4.27.4&#8243; background_color=&#8220;#3b5998&#8243; border_radii=&#8220;on|20px|20px|20px|20px&#8220; global_colors_info=&#8220;{}&#8220; follow_button=&#8220;off&#8220; url_new_window=&#8220;on&#8220;]facebook[\/et_pb_social_media_follow_network][et_pb_social_media_follow_network social_network=&#8220;twitter&#8220; _builder_version=&#8220;4.22.2&#8243; background_color=&#8220;#000000&#8243; border_radii=&#8220;on|20px|20px|20px|20px&#8220; global_colors_info=&#8220;{}&#8220; follow_button=&#8220;off&#8220; url_new_window=&#8220;on&#8220;]twitter[\/et_pb_social_media_follow_network][et_pb_social_media_follow_network social_network=&#8220;google-plus&#8220; _builder_version=&#8220;4.16&#8243; background_color=&#8220;#dd4b39&#8243; border_radii=&#8220;on|20px|20px|20px|20px&#8220; global_colors_info=&#8220;{}&#8220; follow_button=&#8220;off&#8220; url_new_window=&#8220;on&#8220;]google-plus[\/et_pb_social_media_follow_network][et_pb_social_media_follow_network social_network=&#8220;pinterest&#8220; _builder_version=&#8220;4.16&#8243; background_color=&#8220;#cb2027&#8243; border_radii=&#8220;on|20px|20px|20px|20px&#8220; global_colors_info=&#8220;{}&#8220; follow_button=&#8220;off&#8220; url_new_window=&#8220;on&#8220;]pinterest[\/et_pb_social_media_follow_network][et_pb_social_media_follow_network social_network=&#8220;instagram&#8220; _builder_version=&#8220;4.16&#8243; background_color=&#8220;#ea2c59&#8243; border_radii=&#8220;on|20px|20px|20px|20px&#8220; global_colors_info=&#8220;{}&#8220; follow_button=&#8220;off&#8220; url_new_window=&#8220;on&#8220;]instagram[\/et_pb_social_media_follow_network][et_pb_social_media_follow_network social_network=&#8220;linkedin&#8220; _builder_version=&#8220;4.16&#8243; background_color=&#8220;#007bb6&#8243; border_radii=&#8220;on|20px|20px|20px|20px&#8220; global_colors_info=&#8220;{}&#8220; follow_button=&#8220;off&#8220; url_new_window=&#8220;on&#8220;]linkedin[\/et_pb_social_media_follow_network][et_pb_social_media_follow_network social_network=&#8220;youtube&#8220; _builder_version=&#8220;4.16&#8243; background_color=&#8220;#a82400&#8243; border_radii=&#8220;on|20px|20px|20px|20px&#8220; global_colors_info=&#8220;{}&#8220; follow_button=&#8220;off&#8220; url_new_window=&#8220;on&#8220;]youtube[\/et_pb_social_media_follow_network][\/et_pb_social_media_follow][et_pb_code _builder_version=&#8220;4.16&#8243; global_colors_info=&#8220;{}&#8220;]<script type=\"text\/javascript\" src=\"https:\/\/seal.thawte.com\/getthawteseal?host_name=www.sagittariustravel.com&#038;size=M&#038;lang=en\"><\/script>[\/et_pb_code][\/et_pb_column][\/et_pb_row][\/et_pb_section]<\/p>\n","protected":false},"excerpt":{"rendered":"<p>\u00dcber unsGanz gleich, ob Sie ein Reisender sind, der einen Rat braucht, ein Reiseleiter, der eine Community sucht, oder ein potenzieller neuer Partner, der eine Zusammenarbeit anstrebt &#8211; wir freuen uns darauf, von Ihnen zu h\u00f6ren. W\u00e4hlen Sie einfach aus der untenstehenden Liste die passende Tour f\u00fcr Ihre Bed\u00fcrfnisse aus. Mehr lesenKontaktieren Sie unsAhmed Oraby [&hellip;]<\/p>\n","protected":false},"author":2,"featured_media":0,"parent":0,"menu_order":0,"comment_status":"closed","ping_status":"closed","template":"","meta":{"_et_pb_use_builder":"on","_et_pb_old_content":"","_et_gb_content_width":"","footnotes":""},"class_list":["post-224452","page","type-page","status-publish","hentry"],"yoast_head":"<!-- This site is optimized with the Yoast SEO plugin v27.0 - https:\/\/yoast.com\/product\/yoast-seo-wordpress\/ -->\n<title>Online Tour buchen - Sagittarius Travel<\/title>\n<meta name=\"robots\" content=\"index, follow, max-snippet:-1, max-image-preview:large, max-video-preview:-1\" \/>\n<link rel=\"canonical\" href=\"https:\/\/sagittariustravel.com\/de\/shop\/\" \/>\n<meta property=\"og:locale\" content=\"de_DE\" \/>\n<meta property=\"og:type\" content=\"article\" \/>\n<meta property=\"og:title\" content=\"Online Tour buchen - Sagittarius Travel\" \/>\n<meta property=\"og:description\" content=\"\u00dcber unsGanz gleich, ob Sie ein Reisender sind, der einen Rat braucht, ein Reiseleiter, der eine Community sucht, oder ein potenzieller neuer Partner, der eine Zusammenarbeit anstrebt - wir freuen uns darauf, von Ihnen zu h\u00f6ren. W\u00e4hlen Sie einfach aus der untenstehenden Liste die passende Tour f\u00fcr Ihre Bed\u00fcrfnisse aus. Mehr lesenKontaktieren Sie unsAhmed Oraby [&hellip;]\" \/>\n<meta property=\"og:url\" content=\"https:\/\/sagittariustravel.com\/de\/shop\/\" \/>\n<meta property=\"og:site_name\" content=\"Sagittarius Travel\" \/>\n<meta property=\"article:publisher\" content=\"https:\/\/www.facebook.com\/SagittariustTravel\/\" \/>\n<meta property=\"article:modified_time\" content=\"2025-05-12T10:20:54+00:00\" \/>\n<meta name=\"twitter:card\" content=\"summary_large_image\" \/>\n<meta name=\"twitter:site\" content=\"@SagittariusTra2\" \/>\n<meta name=\"twitter:label1\" content=\"Gesch\u00e4tzte Lesezeit\" \/>\n\t<meta name=\"twitter:data1\" content=\"4\u00a0Minuten\" \/>\n<script type=\"application\/ld+json\" class=\"yoast-schema-graph\">{\"@context\":\"https:\/\/schema.org\",\"@graph\":[{\"@type\":\"WebPage\",\"@id\":\"https:\/\/sagittariustravel.com\/de\/shop\/\",\"url\":\"https:\/\/sagittariustravel.com\/de\/shop\/\",\"name\":\"Online Tour buchen - Sagittarius Travel\",\"isPartOf\":{\"@id\":\"https:\/\/sagittariustravel.com\/de\/#website\"},\"datePublished\":\"2019-07-07T17:18:36+00:00\",\"dateModified\":\"2025-05-12T10:20:54+00:00\",\"breadcrumb\":{\"@id\":\"https:\/\/sagittariustravel.com\/de\/shop\/#breadcrumb\"},\"inLanguage\":\"de\",\"potentialAction\":[{\"@type\":\"ReadAction\",\"target\":[\"https:\/\/sagittariustravel.com\/de\/shop\/\"]}]},{\"@type\":\"BreadcrumbList\",\"@id\":\"https:\/\/sagittariustravel.com\/de\/shop\/#breadcrumb\",\"itemListElement\":[{\"@type\":\"ListItem\",\"position\":1,\"name\":\"Home\",\"item\":\"https:\/\/sagittariustravel.com\/de\/\"},{\"@type\":\"ListItem\",\"position\":2,\"name\":\"Online Tour buchen\"}]},{\"@type\":\"WebSite\",\"@id\":\"https:\/\/sagittariustravel.com\/de\/#website\",\"url\":\"https:\/\/sagittariustravel.com\/de\/\",\"name\":\"Sagittarius Travel - Egypt Tours - Egypt Vacations\",\"description\":\"It&#039;s only one horoscope but we serve them all\",\"publisher\":{\"@id\":\"https:\/\/sagittariustravel.com\/de\/#organization\"},\"potentialAction\":[{\"@type\":\"SearchAction\",\"target\":{\"@type\":\"EntryPoint\",\"urlTemplate\":\"https:\/\/sagittariustravel.com\/de\/?s={search_term_string}\"},\"query-input\":{\"@type\":\"PropertyValueSpecification\",\"valueRequired\":true,\"valueName\":\"search_term_string\"}}],\"inLanguage\":\"de\"},{\"@type\":\"Organization\",\"@id\":\"https:\/\/sagittariustravel.com\/de\/#organization\",\"name\":\"http:\/\/sagittariustravel.com\/\",\"url\":\"https:\/\/sagittariustravel.com\/de\/\",\"logo\":{\"@type\":\"ImageObject\",\"inLanguage\":\"de\",\"@id\":\"https:\/\/sagittariustravel.com\/de\/#\/schema\/logo\/image\/\",\"url\":\"http:\/\/sagittariustravel.com\/wp-content\/uploads\/2019\/01\/Logo-white.jpg\",\"contentUrl\":\"http:\/\/sagittariustravel.com\/wp-content\/uploads\/2019\/01\/Logo-white.jpg\",\"width\":1047,\"height\":240,\"caption\":\"http:\/\/sagittariustravel.com\/\"},\"image\":{\"@id\":\"https:\/\/sagittariustravel.com\/de\/#\/schema\/logo\/image\/\"},\"sameAs\":[\"https:\/\/www.facebook.com\/SagittariustTravel\/\",\"https:\/\/x.com\/SagittariusTra2\"]}]}<\/script>\n<!-- \/ Yoast SEO plugin. -->","yoast_head_json":{"title":"Online Tour buchen - Sagittarius Travel","robots":{"index":"index","follow":"follow","max-snippet":"max-snippet:-1","max-image-preview":"max-image-preview:large","max-video-preview":"max-video-preview:-1"},"canonical":"https:\/\/sagittariustravel.com\/de\/shop\/","og_locale":"de_DE","og_type":"article","og_title":"Online Tour buchen - Sagittarius Travel","og_description":"\u00dcber unsGanz gleich, ob Sie ein Reisender sind, der einen Rat braucht, ein Reiseleiter, der eine Community sucht, oder ein potenzieller neuer Partner, der eine Zusammenarbeit anstrebt - wir freuen uns darauf, von Ihnen zu h\u00f6ren. W\u00e4hlen Sie einfach aus der untenstehenden Liste die passende Tour f\u00fcr Ihre Bed\u00fcrfnisse aus. Mehr lesenKontaktieren Sie unsAhmed Oraby [&hellip;]","og_url":"https:\/\/sagittariustravel.com\/de\/shop\/","og_site_name":"Sagittarius Travel","article_publisher":"https:\/\/www.facebook.com\/SagittariustTravel\/","article_modified_time":"2025-05-12T10:20:54+00:00","twitter_card":"summary_large_image","twitter_site":"@SagittariusTra2","twitter_misc":{"Gesch\u00e4tzte Lesezeit":"4\u00a0Minuten"},"schema":{"@context":"https:\/\/schema.org","@graph":[{"@type":"WebPage","@id":"https:\/\/sagittariustravel.com\/de\/shop\/","url":"https:\/\/sagittariustravel.com\/de\/shop\/","name":"Online Tour buchen - Sagittarius Travel","isPartOf":{"@id":"https:\/\/sagittariustravel.com\/de\/#website"},"datePublished":"2019-07-07T17:18:36+00:00","dateModified":"2025-05-12T10:20:54+00:00","breadcrumb":{"@id":"https:\/\/sagittariustravel.com\/de\/shop\/#breadcrumb"},"inLanguage":"de","potentialAction":[{"@type":"ReadAction","target":["https:\/\/sagittariustravel.com\/de\/shop\/"]}]},{"@type":"BreadcrumbList","@id":"https:\/\/sagittariustravel.com\/de\/shop\/#breadcrumb","itemListElement":[{"@type":"ListItem","position":1,"name":"Home","item":"https:\/\/sagittariustravel.com\/de\/"},{"@type":"ListItem","position":2,"name":"Online Tour buchen"}]},{"@type":"WebSite","@id":"https:\/\/sagittariustravel.com\/de\/#website","url":"https:\/\/sagittariustravel.com\/de\/","name":"Sagittarius Travel - Egypt Tours - Egypt Vacations","description":"It&#039;s only one horoscope but we serve them all","publisher":{"@id":"https:\/\/sagittariustravel.com\/de\/#organization"},"potentialAction":[{"@type":"SearchAction","target":{"@type":"EntryPoint","urlTemplate":"https:\/\/sagittariustravel.com\/de\/?s={search_term_string}"},"query-input":{"@type":"PropertyValueSpecification","valueRequired":true,"valueName":"search_term_string"}}],"inLanguage":"de"},{"@type":"Organization","@id":"https:\/\/sagittariustravel.com\/de\/#organization","name":"http:\/\/sagittariustravel.com\/","url":"https:\/\/sagittariustravel.com\/de\/","logo":{"@type":"ImageObject","inLanguage":"de","@id":"https:\/\/sagittariustravel.com\/de\/#\/schema\/logo\/image\/","url":"http:\/\/sagittariustravel.com\/wp-content\/uploads\/2019\/01\/Logo-white.jpg","contentUrl":"http:\/\/sagittariustravel.com\/wp-content\/uploads\/2019\/01\/Logo-white.jpg","width":1047,"height":240,"caption":"http:\/\/sagittariustravel.com\/"},"image":{"@id":"https:\/\/sagittariustravel.com\/de\/#\/schema\/logo\/image\/"},"sameAs":["https:\/\/www.facebook.com\/SagittariustTravel\/","https:\/\/x.com\/SagittariusTra2"]}]}},"_links":{"self":[{"href":"https:\/\/sagittariustravel.com\/de\/wp-json\/wp\/v2\/pages\/224452","targetHints":{"allow":["GET"]}}],"collection":[{"href":"https:\/\/sagittariustravel.com\/de\/wp-json\/wp\/v2\/pages"}],"about":[{"href":"https:\/\/sagittariustravel.com\/de\/wp-json\/wp\/v2\/types\/page"}],"author":[{"embeddable":true,"href":"https:\/\/sagittariustravel.com\/de\/wp-json\/wp\/v2\/users\/2"}],"replies":[{"embeddable":true,"href":"https:\/\/sagittariustravel.com\/de\/wp-json\/wp\/v2\/comments?post=224452"}],"version-history":[{"count":5,"href":"https:\/\/sagittariustravel.com\/de\/wp-json\/wp\/v2\/pages\/224452\/revisions"}],"predecessor-version":[{"id":224933,"href":"https:\/\/sagittariustravel.com\/de\/wp-json\/wp\/v2\/pages\/224452\/revisions\/224933"}],"wp:attachment":[{"href":"https:\/\/sagittariustravel.com\/de\/wp-json\/wp\/v2\/media?parent=224452"}],"curies":[{"name":"wp","href":"https:\/\/api.w.org\/{rel}","templated":true}]}}